{"id":262,"date":"2025-10-17T13:32:31","date_gmt":"2025-10-17T13:32:31","guid":{"rendered":"https:\/\/zeroescadas.com\/?page_id=262"},"modified":"2025-10-18T00:06:18","modified_gmt":"2025-10-18T00:06:18","slug":"orcamento","status":"publish","type":"page","link":"https:\/\/zeroescadas.com\/?page_id=262","title":{"rendered":"Or\u00e7amento"},"content":{"rendered":"\t\t<div data-elementor-type=\"wp-page\" data-elementor-id=\"262\" class=\"elementor elementor-262\">\n\t\t\t\t<div class=\"elementor-element elementor-element-ff4f668 e-con-full e-flex elementor-invisible e-con e-parent\" data-id=\"ff4f668\" data-element_type=\"container\" data-settings=\"{&quot;animation&quot;:&quot;fadeIn&quot;}\">\n\t\t\t\t<div class=\"elementor-element elementor-element-29a6a83 elementor-widget elementor-widget-image\" data-id=\"29a6a83\" data-element_type=\"widget\" data-widget_type=\"image.default\">\n\t\t\t\t\t\t\t\t\t\t\t\t\t\t\t<img fetchpriority=\"high\" decoding=\"async\" width=\"1980\" height=\"450\" src=\"https:\/\/zeroescadas.com\/wp-content\/uploads\/2025\/10\/Zero-Escadas-Banner-Titre.png\" class=\"attachment-full size-full wp-image-154\" alt=\"\" srcset=\"https:\/\/zeroescadas.com\/wp-content\/uploads\/2025\/10\/Zero-Escadas-Banner-Titre.png 1980w, https:\/\/zeroescadas.com\/wp-content\/uploads\/2025\/10\/Zero-Escadas-Banner-Titre-300x68.png 300w, https:\/\/zeroescadas.com\/wp-content\/uploads\/2025\/10\/Zero-Escadas-Banner-Titre-1024x233.png 1024w, https:\/\/zeroescadas.com\/wp-content\/uploads\/2025\/10\/Zero-Escadas-Banner-Titre-768x175.png 768w, https:\/\/zeroescadas.com\/wp-content\/uploads\/2025\/10\/Zero-Escadas-Banner-Titre-1536x349.png 1536w\" sizes=\"(max-width: 1980px) 100vw, 1980px\" \/>\t\t\t\t\t\t\t\t\t\t\t\t\t\t\t<\/div>\n\t\t\t\t<\/div>\n\t\t<div class=\"elementor-element elementor-element-177be91 e-flex e-con-boxed e-con e-parent\" data-id=\"177be91\" data-element_type=\"container\">\n\t\t\t\t\t<div class=\"e-con-inner\">\n\t\t<div class=\"elementor-element elementor-element-dfb7db0 e-con-full e-flex e-con e-child\" data-id=\"dfb7db0\" data-element_type=\"container\">\n\t\t\t\t<div class=\"elementor-element elementor-element-f26f137 elementor-widget elementor-widget-image\" data-id=\"f26f137\" data-element_type=\"widget\" data-widget_type=\"image.default\">\n\t\t\t\t\t\t\t\t\t\t\t\t\t\t\t<img decoding=\"async\" src=\"https:\/\/zeroescadas.com\/wp-content\/uploads\/elementor\/thumbs\/LOGO-OOFFICIAL_Plan-de-travail-1-rd8myu4cl2buv1yhw72qcghku34ovassm5326angxs.png\" title=\"LOGO OOFFICIAL_Plan de travail 1\" alt=\"LOGO OOFFICIAL_Plan de travail 1\" loading=\"lazy\" \/>\t\t\t\t\t\t\t\t\t\t\t\t\t\t\t<\/div>\n\t\t\t\t<div class=\"elementor-element elementor-element-7fc456f elementor-widget elementor-widget-heading\" data-id=\"7fc456f\" data-element_type=\"widget\" data-widget_type=\"heading.default\">\n\t\t\t\t\t<h2 class=\"elementor-heading-title elementor-size-default\">Solicite o seu Or\u00e7amento<\/h2>\t\t\t\t<\/div>\n\t\t\t\t<div class=\"elementor-element elementor-element-aacee6b elementor-widget elementor-widget-text-editor\" data-id=\"aacee6b\" data-element_type=\"widget\" data-widget_type=\"text-editor.default\">\n\t\t\t\t\t\t\t\t\t<p data-start=\"1036\" data-end=\"1331\">A nossa <strong data-start=\"1044\" data-end=\"1086\">equipa de especialistas em todo o pa\u00eds<\/strong> est\u00e1 pronta para o ajudar a encontrar a <strong data-start=\"1127\" data-end=\"1173\">melhor solu\u00e7\u00e3o de eleva\u00e7\u00e3o para a sua casa<\/strong>. A visita \u00e9 <strong data-start=\"1186\" data-end=\"1227\">totalmente gratuita e sem compromisso<\/strong>, e o nosso objetivo \u00e9 oferecer-lhe <strong data-start=\"1263\" data-end=\"1328\">aconselhamento honesto, personalizado e sem press\u00e3o de compra<\/strong>.<\/p><p data-start=\"1333\" data-end=\"1593\">Durante a visita, iremos apresentar-lhe <strong data-start=\"1373\" data-end=\"1413\">o pre\u00e7o final da solu\u00e7\u00e3o recomendada<\/strong>, com <strong data-start=\"1419\" data-end=\"1466\">total transpar\u00eancia e sem surpresas futuras<\/strong>. O valor do <strong data-start=\"1479\" data-end=\"1529\">or\u00e7amento corresponde exatamente ao que pagar\u00e1<\/strong>, garantindo <strong data-start=\"1542\" data-end=\"1571\">confian\u00e7a e tranquilidade<\/strong> em todo o processo.<\/p><p data-start=\"1595\" data-end=\"1727\"><strong data-start=\"1595\" data-end=\"1620\">Preencha o formul\u00e1rio<\/strong> ou, se preferir, <strong data-start=\"1638\" data-end=\"1685\">ligue-nos gratuitamente para o 000 00 00 00<\/strong> e fale com um dos nossos especialistas.<\/p><p data-start=\"349\" data-end=\"592\">Durante a visita, apresentamos <strong data-start=\"380\" data-end=\"432\">de imediato o valor final da solu\u00e7\u00e3o recomendada<\/strong>, <strong data-start=\"434\" data-end=\"478\">sem compromissos e sem surpresas futuras<\/strong>. O <strong data-start=\"482\" data-end=\"554\">or\u00e7amento fornecido corresponde exatamente ao montante que ir\u00e1 pagar<\/strong> pela solu\u00e7\u00e3o de eleva\u00e7\u00e3o escolhida.<\/p>\t\t\t\t\t\t\t\t<\/div>\n\t\t\t\t<\/div>\n\t\t<div class=\"elementor-element elementor-element-77854f7 e-con-full e-flex e-con e-child\" data-id=\"77854f7\" data-element_type=\"container\">\n\t\t\t\t<div class=\"elementor-element elementor-element-2861e63 elementor-widget elementor-widget-spacer\" data-id=\"2861e63\" data-element_type=\"widget\" data-widget_type=\"spacer.default\">\n\t\t\t\t\t\t\t<div class=\"elementor-spacer\">\n\t\t\t<div class=\"elementor-spacer-inner\"><\/div>\n\t\t<\/div>\n\t\t\t\t\t\t<\/div>\n\t\t\t\t<div class=\"elementor-element elementor-element-d4befac elementor-widget elementor-widget-text-editor\" data-id=\"d4befac\" data-element_type=\"widget\" data-widget_type=\"text-editor.default\">\n\t\t\t\t\t\t\t\t\t<noscript class=\"ninja-forms-noscript-message\">\n\tNotice: JavaScript is required for this content.<\/noscript>\n<div id=\"nf-form-3-cont\" class=\"nf-form-cont\" aria-live=\"polite\" aria-labelledby=\"nf-form-title-3\" aria-describedby=\"nf-form-errors-3\" role=\"form\">\n\n    <div class=\"nf-loading-spinner\"><\/div>\n\n<\/div>\n        <!-- That data is being printed as a workaround to page builders reordering the order of the scripts loaded-->\n        <script>var formDisplay=1;var nfForms=nfForms||[];var form=[];form.id='3';form.settings={\"objectType\":\"Form Setting\",\"editActive\":true,\"title\":\"Pedido de or\\u00e7amento\",\"show_title\":1,\"allow_public_link\":0,\"embed_form\":\"\",\"clear_complete\":1,\"hide_complete\":1,\"default_label_pos\":\"above\",\"wrapper_class\":\"\",\"element_class\":\"\",\"form_title_heading_level\":\"3\",\"key\":\"\",\"add_submit\":1,\"changeEmailErrorMsg\":\"Por favor, introduza um endere\\u00e7o de e-mail v\\u00e1lido!\",\"changeDateErrorMsg\":\"Please enter a valid date!\",\"confirmFieldErrorMsg\":\"These fields must match!\",\"fieldNumberNumMinError\":\"Number Min Error\",\"fieldNumberNumMaxError\":\"Number Max Error\",\"fieldNumberIncrementBy\":\"Please increment by \",\"formErrorsCorrectErrors\":\"Por favor, corrija os erros antes de enviar este formul\\u00e1rio.\",\"validateRequiredField\":\"Este campo \\u00e9 obrigat\\u00f3rio.\",\"honeypotHoneypotError\":\"Detet\\u00e1mos um erro de valida\\u00e7\\u00e3o. Por favor, tente novamente.\",\"fieldsMarkedRequired\":\"Os campos assinalados com * s\\u00e3o obrigat\\u00f3rios\",\"currency\":\"\",\"unique_field_error\":\"A form with this value has already been submitted.\",\"logged_in\":false,\"not_logged_in_msg\":\"\",\"sub_limit_msg\":\"The form has reached its submission limit.\",\"calculations\":[],\"formContentData\":[\"primeiro_nome_1760709551962\",\"ultimo_nome_1760709544326\",\"telefone_1760709560067\",\"email_1760709487805\",\"enviar_1760746491169\"],\"objectDomain\":\"display\",\"drawerDisabled\":false,\"ninjaForms\":\"Ninja Forms\",\"fieldTextareaRTEInsertLink\":\"Insert Link\",\"fieldTextareaRTEInsertMedia\":\"Insert Media\",\"fieldTextareaRTESelectAFile\":\"Select a file\",\"formHoneypot\":\"If you are a human seeing this field, please leave it empty.\",\"fileUploadOldCodeFileUploadInProgress\":\"File Upload in Progress.\",\"fileUploadOldCodeFileUpload\":\"FILE UPLOAD\",\"currencySymbol\":false,\"thousands_sep\":\",\",\"decimal_point\":\".\",\"siteLocale\":\"en_US\",\"dateFormat\":\"m\\\/d\\\/Y\",\"startOfWeek\":\"1\",\"of\":\"of\",\"previousMonth\":\"Previous Month\",\"nextMonth\":\"Next Month\",\"months\":[\"January\",\"February\",\"March\",\"April\",\"May\",\"June\",\"July\",\"August\",\"September\",\"October\",\"November\",\"December\"],\"monthsShort\":[\"Jan\",\"Feb\",\"Mar\",\"Apr\",\"May\",\"Jun\",\"Jul\",\"Aug\",\"Sep\",\"Oct\",\"Nov\",\"Dec\"],\"weekdays\":[\"Sunday\",\"Monday\",\"Tuesday\",\"Wednesday\",\"Thursday\",\"Friday\",\"Saturday\"],\"weekdaysShort\":[\"Sun\",\"Mon\",\"Tue\",\"Wed\",\"Thu\",\"Fri\",\"Sat\"],\"weekdaysMin\":[\"Su\",\"Mo\",\"Tu\",\"We\",\"Th\",\"Fr\",\"Sa\"],\"recaptchaConsentMissing\":\"reCaptcha validation couldn&#039;t load.\",\"recaptchaMissingCookie\":\"reCaptcha v3 validation couldn&#039;t load the cookie needed to submit the form.\",\"recaptchaConsentEvent\":\"Accept reCaptcha cookies before sending the form.\",\"currency_symbol\":\"\",\"beforeForm\":\"\",\"beforeFields\":\"\",\"afterFields\":\"\",\"afterForm\":\"\"};form.fields=[{\"objectType\":\"Field\",\"objectDomain\":\"fields\",\"editActive\":false,\"order\":1,\"idAttribute\":\"id\",\"label\":\"Primeiro Nome\",\"type\":\"firstname\",\"key\":\"primeiro_nome_1760709551962\",\"label_pos\":\"above\",\"required\":1,\"default\":\"\",\"placeholder\":\"\",\"container_class\":\"\",\"element_class\":\"\",\"admin_label\":\"\",\"help_text\":\"\",\"custom_name_attribute\":\"fname\",\"personally_identifiable\":1,\"value\":\"\",\"id\":13,\"beforeField\":\"\",\"afterField\":\"\",\"parentType\":\"firstname\",\"element_templates\":[\"firstname\",\"input\"],\"old_classname\":\"\",\"wrap_template\":\"wrap\"},{\"objectType\":\"Field\",\"objectDomain\":\"fields\",\"editActive\":false,\"order\":2,\"idAttribute\":\"id\",\"label\":\"Ultimo Nome\",\"type\":\"lastname\",\"key\":\"ultimo_nome_1760709544326\",\"label_pos\":\"above\",\"required\":1,\"default\":\"\",\"placeholder\":\"\",\"container_class\":\"\",\"element_class\":\"\",\"admin_label\":\"\",\"help_text\":\"\",\"custom_name_attribute\":\"lname\",\"personally_identifiable\":1,\"value\":\"\",\"id\":14,\"beforeField\":\"\",\"afterField\":\"\",\"parentType\":\"lastname\",\"element_templates\":[\"lastname\",\"input\"],\"old_classname\":\"\",\"wrap_template\":\"wrap\"},{\"objectType\":\"Field\",\"objectDomain\":\"fields\",\"editActive\":false,\"order\":3,\"idAttribute\":\"id\",\"label\":\"Telefone\",\"type\":\"phone\",\"key\":\"telefone_1760709560067\",\"label_pos\":\"above\",\"required\":1,\"default\":\"\",\"placeholder\":\"\",\"container_class\":\"\",\"element_class\":\"\",\"input_limit\":\"\",\"input_limit_type\":\"characters\",\"input_limit_msg\":\"Character(s) left\",\"manual_key\":false,\"admin_label\":\"\",\"help_text\":\"\",\"mask\":\"\",\"custom_mask\":\"\",\"custom_name_attribute\":\"phone\",\"personally_identifiable\":1,\"value\":\"\",\"drawerDisabled\":false,\"id\":15,\"beforeField\":\"\",\"afterField\":\"\",\"parentType\":\"textbox\",\"element_templates\":[\"tel\",\"textbox\",\"input\"],\"old_classname\":\"\",\"wrap_template\":\"wrap\"},{\"objectType\":\"Field\",\"objectDomain\":\"fields\",\"editActive\":false,\"order\":4,\"idAttribute\":\"id\",\"label\":\"Email\",\"type\":\"email\",\"key\":\"email_1760709487805\",\"label_pos\":\"above\",\"required\":1,\"default\":\"\",\"placeholder\":\"\",\"container_class\":\"\",\"element_class\":\"\",\"admin_label\":\"\",\"help_text\":\"\",\"custom_name_attribute\":\"email\",\"personally_identifiable\":1,\"value\":\"\",\"id\":16,\"beforeField\":\"\",\"afterField\":\"\",\"parentType\":\"email\",\"element_templates\":[\"email\",\"input\"],\"old_classname\":\"\",\"wrap_template\":\"wrap\"},{\"objectType\":\"Field\",\"objectDomain\":\"fields\",\"editActive\":false,\"order\":9999,\"idAttribute\":\"id\",\"type\":\"submit\",\"label\":\"Enviar\",\"processing_label\":\"Processing\",\"container_class\":\"\",\"element_class\":\"\",\"key\":\"enviar_1760746491169\",\"admin_label\":\"\",\"drawerDisabled\":false,\"id\":17,\"beforeField\":\"\",\"afterField\":\"\",\"value\":\"\",\"label_pos\":\"above\",\"parentType\":\"textbox\",\"element_templates\":[\"submit\",\"button\",\"input\"],\"old_classname\":\"\",\"wrap_template\":\"wrap-no-label\"}];nfForms.push(form);<\/script>\n        \t\t\t\t\t\t\t\t<\/div>\n\t\t\t\t<\/div>\n\t\t\t\t\t<\/div>\n\t\t\t\t<\/div>\n\t\t\t\t<\/div>\n\t\t","protected":false},"excerpt":{"rendered":"<p>Solicite o seu Or\u00e7amento A nossa equipa de especialistas em todo o pa\u00eds est\u00e1 pronta para o ajudar a encontrar a melhor solu\u00e7\u00e3o de eleva\u00e7\u00e3o para a sua casa. A visita \u00e9 totalmente gratuita e sem compromisso, e o nosso objetivo \u00e9 oferecer-lhe aconselhamento honesto, personalizado e sem press\u00e3o de compra. Durante a visita, iremos [&hellip;]<\/p>\n","protected":false},"author":1,"featured_media":0,"parent":0,"menu_order":0,"comment_status":"closed","ping_status":"closed","template":"","meta":{"footnotes":""},"class_list":["post-262","page","type-page","status-publish","hentry"],"blocksy_meta":[],"yoast_head":"<!-- This site is optimized with the Yoast SEO plugin v26.2 - https:\/\/yoast.com\/wordpress\/plugins\/seo\/ -->\n<title>Or\u00e7amento - Zero Escadas<\/title>\n<meta name=\"description\" content=\"Or\u00e7amento Zero Escadas Descubra um elevador dom\u00e9stico inovador que se adapta facilmente a praticamente qualquer casa em Portugal. Os elevadores Stiltz, que atravessam o piso, permitem uma desloca\u00e7\u00e3o entre andares sem necessidade de fixa\u00e7\u00e3o a uma parede. Basta lig\u00e1-lo a uma tomada padr\u00e3o de 13 amperes e desfrutar de um movimento silencioso e suave por toda a casa.\" \/>\n<meta name=\"robots\" content=\"index, follow, max-snippet:-1, max-image-preview:large, max-video-preview:-1\" \/>\n<link rel=\"canonical\" href=\"https:\/\/zeroescadas.com\/?page_id=262\" \/>\n<meta property=\"og:locale\" content=\"en_US\" \/>\n<meta property=\"og:type\" content=\"article\" \/>\n<meta property=\"og:title\" content=\"Or\u00e7amento - Zero Escadas\" \/>\n<meta property=\"og:description\" content=\"Or\u00e7amento Zero Escadas Descubra um elevador dom\u00e9stico inovador que se adapta facilmente a praticamente qualquer casa em Portugal. Os elevadores Stiltz, que atravessam o piso, permitem uma desloca\u00e7\u00e3o entre andares sem necessidade de fixa\u00e7\u00e3o a uma parede. Basta lig\u00e1-lo a uma tomada padr\u00e3o de 13 amperes e desfrutar de um movimento silencioso e suave por toda a casa.\" \/>\n<meta property=\"og:url\" content=\"https:\/\/zeroescadas.com\/?page_id=262\" \/>\n<meta property=\"og:site_name\" content=\"Zero Escadas\" \/>\n<meta property=\"article:modified_time\" content=\"2025-10-18T00:06:18+00:00\" \/>\n<meta property=\"og:image\" content=\"https:\/\/zeroescadas.com\/wp-content\/uploads\/2025\/10\/Zero-Escadas-Banner-Titre.png\" \/>\n\t<meta property=\"og:image:width\" content=\"1980\" \/>\n\t<meta property=\"og:image:height\" content=\"450\" \/>\n\t<meta property=\"og:image:type\" content=\"image\/png\" \/>\n<meta name=\"twitter:card\" content=\"summary_large_image\" \/>\n<meta name=\"twitter:label1\" content=\"Est. reading time\" \/>\n\t<meta name=\"twitter:data1\" content=\"1 minute\" \/>\n<script type=\"application\/ld+json\" class=\"yoast-schema-graph\">{\"@context\":\"https:\/\/schema.org\",\"@graph\":[{\"@type\":\"WebPage\",\"@id\":\"https:\/\/zeroescadas.com\/?page_id=262\",\"url\":\"https:\/\/zeroescadas.com\/?page_id=262\",\"name\":\"Or\u00e7amento - Zero Escadas\",\"isPartOf\":{\"@id\":\"https:\/\/zeroescadas.com\/#website\"},\"primaryImageOfPage\":{\"@id\":\"https:\/\/zeroescadas.com\/?page_id=262#primaryimage\"},\"image\":{\"@id\":\"https:\/\/zeroescadas.com\/?page_id=262#primaryimage\"},\"thumbnailUrl\":\"https:\/\/zeroescadas.com\/wp-content\/uploads\/2025\/10\/Zero-Escadas-Banner-Titre.png\",\"datePublished\":\"2025-10-17T13:32:31+00:00\",\"dateModified\":\"2025-10-18T00:06:18+00:00\",\"description\":\"Or\u00e7amento Zero Escadas Descubra um elevador dom\u00e9stico inovador que se adapta facilmente a praticamente qualquer casa em Portugal. Os elevadores Stiltz, que atravessam o piso, permitem uma desloca\u00e7\u00e3o entre andares sem necessidade de fixa\u00e7\u00e3o a uma parede. Basta lig\u00e1-lo a uma tomada padr\u00e3o de 13 amperes e desfrutar de um movimento silencioso e suave por toda a casa.\",\"breadcrumb\":{\"@id\":\"https:\/\/zeroescadas.com\/?page_id=262#breadcrumb\"},\"inLanguage\":\"en-US\",\"potentialAction\":[{\"@type\":\"ReadAction\",\"target\":[\"https:\/\/zeroescadas.com\/?page_id=262\"]}]},{\"@type\":\"ImageObject\",\"inLanguage\":\"en-US\",\"@id\":\"https:\/\/zeroescadas.com\/?page_id=262#primaryimage\",\"url\":\"https:\/\/zeroescadas.com\/wp-content\/uploads\/2025\/10\/Zero-Escadas-Banner-Titre.png\",\"contentUrl\":\"https:\/\/zeroescadas.com\/wp-content\/uploads\/2025\/10\/Zero-Escadas-Banner-Titre.png\",\"width\":1980,\"height\":450},{\"@type\":\"BreadcrumbList\",\"@id\":\"https:\/\/zeroescadas.com\/?page_id=262#breadcrumb\",\"itemListElement\":[{\"@type\":\"ListItem\",\"position\":1,\"name\":\"Home\",\"item\":\"https:\/\/zeroescadas.com\/\"},{\"@type\":\"ListItem\",\"position\":2,\"name\":\"Or\u00e7amento\"}]},{\"@type\":\"WebSite\",\"@id\":\"https:\/\/zeroescadas.com\/#website\",\"url\":\"https:\/\/zeroescadas.com\/\",\"name\":\"Zero Escadas\",\"description\":\"Elevators home\",\"publisher\":{\"@id\":\"https:\/\/zeroescadas.com\/#organization\"},\"alternateName\":\"Elevadores Residenciais ZERO ESCADAS\",\"potentialAction\":[{\"@type\":\"SearchAction\",\"target\":{\"@type\":\"EntryPoint\",\"urlTemplate\":\"https:\/\/zeroescadas.com\/?s={search_term_string}\"},\"query-input\":{\"@type\":\"PropertyValueSpecification\",\"valueRequired\":true,\"valueName\":\"search_term_string\"}}],\"inLanguage\":\"en-US\"},{\"@type\":\"Organization\",\"@id\":\"https:\/\/zeroescadas.com\/#organization\",\"name\":\"Zero Escadas\",\"alternateName\":\"Elevadores Residenciais ZERO ESCADAS\",\"url\":\"https:\/\/zeroescadas.com\/\",\"logo\":{\"@type\":\"ImageObject\",\"inLanguage\":\"en-US\",\"@id\":\"https:\/\/zeroescadas.com\/#\/schema\/logo\/image\/\",\"url\":\"https:\/\/zeroescadas.com\/wp-content\/uploads\/2025\/10\/LOGO-OOFFICIAL-02.png\",\"contentUrl\":\"https:\/\/zeroescadas.com\/wp-content\/uploads\/2025\/10\/LOGO-OOFFICIAL-02.png\",\"width\":614,\"height\":713,\"caption\":\"Zero Escadas\"},\"image\":{\"@id\":\"https:\/\/zeroescadas.com\/#\/schema\/logo\/image\/\"},\"sameAs\":[\"https:\/\/www.tiktok.com\/@luxelevators\"]}]}<\/script>\n<!-- \/ Yoast SEO plugin. -->","yoast_head_json":{"title":"Or\u00e7amento - Zero Escadas","description":"Or\u00e7amento Zero Escadas Descubra um elevador dom\u00e9stico inovador que se adapta facilmente a praticamente qualquer casa em Portugal. Os elevadores Stiltz, que atravessam o piso, permitem uma desloca\u00e7\u00e3o entre andares sem necessidade de fixa\u00e7\u00e3o a uma parede. Basta lig\u00e1-lo a uma tomada padr\u00e3o de 13 amperes e desfrutar de um movimento silencioso e suave por toda a casa.","robots":{"index":"index","follow":"follow","max-snippet":"max-snippet:-1","max-image-preview":"max-image-preview:large","max-video-preview":"max-video-preview:-1"},"canonical":"https:\/\/zeroescadas.com\/?page_id=262","og_locale":"en_US","og_type":"article","og_title":"Or\u00e7amento - Zero Escadas","og_description":"Or\u00e7amento Zero Escadas Descubra um elevador dom\u00e9stico inovador que se adapta facilmente a praticamente qualquer casa em Portugal. Os elevadores Stiltz, que atravessam o piso, permitem uma desloca\u00e7\u00e3o entre andares sem necessidade de fixa\u00e7\u00e3o a uma parede. Basta lig\u00e1-lo a uma tomada padr\u00e3o de 13 amperes e desfrutar de um movimento silencioso e suave por toda a casa.","og_url":"https:\/\/zeroescadas.com\/?page_id=262","og_site_name":"Zero Escadas","article_modified_time":"2025-10-18T00:06:18+00:00","og_image":[{"width":1980,"height":450,"url":"https:\/\/zeroescadas.com\/wp-content\/uploads\/2025\/10\/Zero-Escadas-Banner-Titre.png","type":"image\/png"}],"twitter_card":"summary_large_image","twitter_misc":{"Est. reading time":"1 minute"},"schema":{"@context":"https:\/\/schema.org","@graph":[{"@type":"WebPage","@id":"https:\/\/zeroescadas.com\/?page_id=262","url":"https:\/\/zeroescadas.com\/?page_id=262","name":"Or\u00e7amento - Zero Escadas","isPartOf":{"@id":"https:\/\/zeroescadas.com\/#website"},"primaryImageOfPage":{"@id":"https:\/\/zeroescadas.com\/?page_id=262#primaryimage"},"image":{"@id":"https:\/\/zeroescadas.com\/?page_id=262#primaryimage"},"thumbnailUrl":"https:\/\/zeroescadas.com\/wp-content\/uploads\/2025\/10\/Zero-Escadas-Banner-Titre.png","datePublished":"2025-10-17T13:32:31+00:00","dateModified":"2025-10-18T00:06:18+00:00","description":"Or\u00e7amento Zero Escadas Descubra um elevador dom\u00e9stico inovador que se adapta facilmente a praticamente qualquer casa em Portugal. Os elevadores Stiltz, que atravessam o piso, permitem uma desloca\u00e7\u00e3o entre andares sem necessidade de fixa\u00e7\u00e3o a uma parede. Basta lig\u00e1-lo a uma tomada padr\u00e3o de 13 amperes e desfrutar de um movimento silencioso e suave por toda a casa.","breadcrumb":{"@id":"https:\/\/zeroescadas.com\/?page_id=262#breadcrumb"},"inLanguage":"en-US","potentialAction":[{"@type":"ReadAction","target":["https:\/\/zeroescadas.com\/?page_id=262"]}]},{"@type":"ImageObject","inLanguage":"en-US","@id":"https:\/\/zeroescadas.com\/?page_id=262#primaryimage","url":"https:\/\/zeroescadas.com\/wp-content\/uploads\/2025\/10\/Zero-Escadas-Banner-Titre.png","contentUrl":"https:\/\/zeroescadas.com\/wp-content\/uploads\/2025\/10\/Zero-Escadas-Banner-Titre.png","width":1980,"height":450},{"@type":"BreadcrumbList","@id":"https:\/\/zeroescadas.com\/?page_id=262#breadcrumb","itemListElement":[{"@type":"ListItem","position":1,"name":"Home","item":"https:\/\/zeroescadas.com\/"},{"@type":"ListItem","position":2,"name":"Or\u00e7amento"}]},{"@type":"WebSite","@id":"https:\/\/zeroescadas.com\/#website","url":"https:\/\/zeroescadas.com\/","name":"Zero Escadas","description":"Elevators home","publisher":{"@id":"https:\/\/zeroescadas.com\/#organization"},"alternateName":"Elevadores Residenciais ZERO ESCADAS","potentialAction":[{"@type":"SearchAction","target":{"@type":"EntryPoint","urlTemplate":"https:\/\/zeroescadas.com\/?s={search_term_string}"},"query-input":{"@type":"PropertyValueSpecification","valueRequired":true,"valueName":"search_term_string"}}],"inLanguage":"en-US"},{"@type":"Organization","@id":"https:\/\/zeroescadas.com\/#organization","name":"Zero Escadas","alternateName":"Elevadores Residenciais ZERO ESCADAS","url":"https:\/\/zeroescadas.com\/","logo":{"@type":"ImageObject","inLanguage":"en-US","@id":"https:\/\/zeroescadas.com\/#\/schema\/logo\/image\/","url":"https:\/\/zeroescadas.com\/wp-content\/uploads\/2025\/10\/LOGO-OOFFICIAL-02.png","contentUrl":"https:\/\/zeroescadas.com\/wp-content\/uploads\/2025\/10\/LOGO-OOFFICIAL-02.png","width":614,"height":713,"caption":"Zero Escadas"},"image":{"@id":"https:\/\/zeroescadas.com\/#\/schema\/logo\/image\/"},"sameAs":["https:\/\/www.tiktok.com\/@luxelevators"]}]}},"_links":{"self":[{"href":"https:\/\/zeroescadas.com\/index.php?rest_route=\/wp\/v2\/pages\/262","targetHints":{"allow":["GET"]}}],"collection":[{"href":"https:\/\/zeroescadas.com\/index.php?rest_route=\/wp\/v2\/pages"}],"about":[{"href":"https:\/\/zeroescadas.com\/index.php?rest_route=\/wp\/v2\/types\/page"}],"author":[{"embeddable":true,"href":"https:\/\/zeroescadas.com\/index.php?rest_route=\/wp\/v2\/users\/1"}],"replies":[{"embeddable":true,"href":"https:\/\/zeroescadas.com\/index.php?rest_route=%2Fwp%2Fv2%2Fcomments&post=262"}],"version-history":[{"count":34,"href":"https:\/\/zeroescadas.com\/index.php?rest_route=\/wp\/v2\/pages\/262\/revisions"}],"predecessor-version":[{"id":449,"href":"https:\/\/zeroescadas.com\/index.php?rest_route=\/wp\/v2\/pages\/262\/revisions\/449"}],"wp:attachment":[{"href":"https:\/\/zeroescadas.com\/index.php?rest_route=%2Fwp%2Fv2%2Fmedia&parent=262"}],"curies":[{"name":"wp","href":"https:\/\/api.w.org\/{rel}","templated":true}]}}