{"id":176,"date":"2025-10-16T15:40:36","date_gmt":"2025-10-16T15:40:36","guid":{"rendered":"http:\/\/zeroescadas.com\/?page_id=176"},"modified":"2025-10-27T11:12:52","modified_gmt":"2025-10-27T11:12:52","slug":"contato","status":"publish","type":"page","link":"https:\/\/zeroescadas.com\/?page_id=176","title":{"rendered":"Contato"},"content":{"rendered":"\t\t<div data-elementor-type=\"wp-page\" data-elementor-id=\"176\" class=\"elementor elementor-176\">\n\t\t\t\t<div class=\"elementor-element elementor-element-ff4f668 e-con-full e-flex elementor-invisible e-con e-parent\" data-id=\"ff4f668\" data-element_type=\"container\" data-settings=\"{&quot;animation&quot;:&quot;fadeIn&quot;}\">\n\t\t\t\t<div class=\"elementor-element elementor-element-29a6a83 elementor-widget elementor-widget-image\" data-id=\"29a6a83\" data-element_type=\"widget\" data-widget_type=\"image.default\">\n\t\t\t\t\t\t\t\t\t\t\t\t\t\t\t<img fetchpriority=\"high\" decoding=\"async\" width=\"1980\" height=\"450\" src=\"https:\/\/zeroescadas.com\/wp-content\/uploads\/2025\/10\/Zero-Escadas-Banner-Titre.png\" class=\"attachment-full size-full wp-image-154\" alt=\"\" srcset=\"https:\/\/zeroescadas.com\/wp-content\/uploads\/2025\/10\/Zero-Escadas-Banner-Titre.png 1980w, https:\/\/zeroescadas.com\/wp-content\/uploads\/2025\/10\/Zero-Escadas-Banner-Titre-300x68.png 300w, https:\/\/zeroescadas.com\/wp-content\/uploads\/2025\/10\/Zero-Escadas-Banner-Titre-1024x233.png 1024w, https:\/\/zeroescadas.com\/wp-content\/uploads\/2025\/10\/Zero-Escadas-Banner-Titre-768x175.png 768w, https:\/\/zeroescadas.com\/wp-content\/uploads\/2025\/10\/Zero-Escadas-Banner-Titre-1536x349.png 1536w\" sizes=\"(max-width: 1980px) 100vw, 1980px\" \/>\t\t\t\t\t\t\t\t\t\t\t\t\t\t\t<\/div>\n\t\t\t\t<\/div>\n\t\t<div class=\"elementor-element elementor-element-177be91 e-flex e-con-boxed e-con e-parent\" data-id=\"177be91\" data-element_type=\"container\">\n\t\t\t\t\t<div class=\"e-con-inner\">\n\t\t<div class=\"elementor-element elementor-element-dfb7db0 e-con-full e-flex e-con e-child\" data-id=\"dfb7db0\" data-element_type=\"container\">\n\t\t\t\t<div class=\"elementor-element elementor-element-f26f137 elementor-widget elementor-widget-image\" data-id=\"f26f137\" data-element_type=\"widget\" data-widget_type=\"image.default\">\n\t\t\t\t\t\t\t\t\t\t\t\t\t\t\t<img decoding=\"async\" src=\"https:\/\/zeroescadas.com\/wp-content\/uploads\/elementor\/thumbs\/LOGO-OOFFICIAL_Plan-de-travail-1-rd8myu4cl2buv1yhw72qcghku34ovassm5326angxs.png\" title=\"LOGO OOFFICIAL_Plan de travail 1\" alt=\"LOGO OOFFICIAL_Plan de travail 1\" loading=\"lazy\" \/>\t\t\t\t\t\t\t\t\t\t\t\t\t\t\t<\/div>\n\t\t\t\t<div class=\"elementor-element elementor-element-7fc456f elementor-widget elementor-widget-heading\" data-id=\"7fc456f\" data-element_type=\"widget\" data-widget_type=\"heading.default\">\n\t\t\t\t\t<h2 class=\"elementor-heading-title elementor-size-default\">Ligue para n\u00f3s hoje!<\/h2>\t\t\t\t<\/div>\n\t\t\t\t<div class=\"elementor-element elementor-element-aacee6b elementor-widget elementor-widget-text-editor\" data-id=\"aacee6b\" data-element_type=\"widget\" data-widget_type=\"text-editor.default\">\n\t\t\t\t\t\t\t\t\t<p data-start=\"49\" data-end=\"303\">Na <strong data-start=\"52\" data-end=\"62\">ZERO ESCADAS<\/strong>, acreditamos em <strong data-start=\"79\" data-end=\"135\">tornar sua vida mais f\u00e1cil e sua casa mais acess\u00edvel<\/strong>. Escolher um elevador residencial Stiltz \u00e9 uma decis\u00e3o importante, e estamos comprometidos em <strong data-start=\"230\" data-end=\"300\">fornecer a melhor experi\u00eancia ao cliente em cada etapa do processo<\/strong>.<\/p><p data-start=\"49\" data-end=\"303\"><a style=\"display: inline-block; box-sizing: border-box; border-radius: 5px;color: white !important; width: auto; text-align: center !important; font-size: 24px !important; font-weight: bold !important; padding: 15px 20px 15px 0 !important; text-decoration: none !important;background: #8ca40c !important;\" class=\"wp-call-button-in-btn\" href=\"tel:+352621357169\"><span><img decoding=\"async\" style=\"width: 70px; height: 30px; vertical-align: middle; border: 0 !important; box-shadow: none !important; -webkit-box-shadow: none !important;\" src=\"data:image\/svg+xml;base64,PHN2ZyB2ZXJzaW9uPSIxLjEiIHhtbG5zPSJodHRwOi8vd3d3LnczLm9yZy8yMDAwL3N2ZyIgeG1sbnM6eGxpbms9Imh0dHA6Ly93d3cudzMub3JnLzE5OTkveGxpbmsiIHg9IjBweCIgeT0iMHB4IiB3aWR0aD0iNDU5cHgiIGhlaWdodD0iNDU5cHgiIHZpZXdCb3g9IjAgMCA0NTkgNDU5IiBzdHlsZT0iZW5hYmxlLWJhY2tncm91bmQ6bmV3IDAgMCA0NTkgNDU5OyIgeG1sOnNwYWNlPSJwcmVzZXJ2ZSI+PGc+PGcgaWQ9ImNhbGwiPjxwYXRoIHN0eWxlPSJmaWxsOiB3aGl0ZTsiIGQ9Ik05MS44LDE5OC45YzM1LjcsNzEuNCw5Ni45LDEzMC4wNSwxNjguMywxNjguM0wzMTYuMiwzMTEuMWM3LjY0OS03LjY0OSwxNy44NS0xMC4xOTksMjUuNS01LjFjMjguMDUsMTAuMiw1OC42NDksMTUuMyw5MS44LDE1LjNjMTUuMywwLDI1LjUsMTAuMiwyNS41LDI1LjV2ODYuN2MwLDE1LjMtMTAuMiwyNS41LTI1LjUsMjUuNUMxOTMuOCw0NTksMCwyNjUuMiwwLDI1LjVDMCwxMC4yLDEwLjIsMCwyNS41LDBoODkuMjVjMTUuMywwLDI1LjUsMTAuMiwyNS41LDI1LjVjMCwzMC42LDUuMSw2MS4yLDE1LjMsOTEuOGMyLjU1LDcuNjUsMCwxNy44NS01LjEsMjUuNUw5MS44LDE5OC45eiIvPjwvZz48L2c+PC9zdmc+\" \/>Chamada Gr\u00e1tis<\/span><\/a><\/p>\t\t\t\t\t\t\t\t<\/div>\n\t\t\t\t<\/div>\n\t\t<div class=\"elementor-element elementor-element-77854f7 e-con-full e-flex e-con e-child\" data-id=\"77854f7\" data-element_type=\"container\">\n\t\t\t\t<div class=\"elementor-element elementor-element-d4befac elementor-widget elementor-widget-text-editor\" data-id=\"d4befac\" data-element_type=\"widget\" data-widget_type=\"text-editor.default\">\n\t\t\t\t\t\t\t\t\t\n<div class=\"wpcf7 no-js\" id=\"wpcf7-f184-o1\" lang=\"en-US\" dir=\"ltr\" data-wpcf7-id=\"184\">\n<div class=\"screen-reader-response\"><p role=\"status\" aria-live=\"polite\" aria-atomic=\"true\"><\/p> <ul><\/ul><\/div>\n<form action=\"\/index.php?rest_route=%2Fwp%2Fv2%2Fpages%2F176#wpcf7-f184-o1\" method=\"post\" class=\"wpcf7-form init\" aria-label=\"Contact form\" novalidate=\"novalidate\" data-status=\"init\">\n<fieldset class=\"hidden-fields-container\"><input type=\"hidden\" name=\"_wpcf7\" value=\"184\" \/><input type=\"hidden\" name=\"_wpcf7_version\" value=\"6.1.2\" \/><input type=\"hidden\" name=\"_wpcf7_locale\" value=\"en_US\" \/><input type=\"hidden\" name=\"_wpcf7_unit_tag\" value=\"wpcf7-f184-o1\" \/><input type=\"hidden\" name=\"_wpcf7_container_post\" value=\"0\" \/><input type=\"hidden\" name=\"_wpcf7_posted_data_hash\" value=\"\" \/>\n<\/fieldset>\n<p><label> Nome*<br \/>\n<span class=\"wpcf7-form-control-wrap\" data-name=\"your-name\"><input size=\"40\" maxlength=\"400\" class=\"wpcf7-form-control wpcf7-text wpcf7-validates-as-required\" autocomplete=\"name\" aria-required=\"true\" aria-invalid=\"false\" value=\"\" type=\"text\" name=\"your-name\" \/><\/span> <\/label>\n<\/p>\n<p><label> Email*<br \/>\n<span class=\"wpcf7-form-control-wrap\" data-name=\"your-email\"><input size=\"40\" maxlength=\"400\" class=\"wpcf7-form-control wpcf7-email wpcf7-validates-as-required wpcf7-text wpcf7-validates-as-email\" autocomplete=\"email\" aria-required=\"true\" aria-invalid=\"false\" value=\"\" type=\"email\" name=\"your-email\" \/><\/span> <\/label>\n<\/p>\n<p><label> Assunto*<br \/>\n<span class=\"wpcf7-form-control-wrap\" data-name=\"your-subject\"><input size=\"40\" maxlength=\"400\" class=\"wpcf7-form-control wpcf7-text wpcf7-validates-as-required\" aria-required=\"true\" aria-invalid=\"false\" value=\"\" type=\"text\" name=\"your-subject\" \/><\/span> <\/label>\n<\/p>\n<p><label> Mensagem*<br \/>\n<span class=\"wpcf7-form-control-wrap\" data-name=\"your-message\"><textarea cols=\"40\" rows=\"10\" maxlength=\"2000\" class=\"wpcf7-form-control wpcf7-textarea\" aria-invalid=\"false\" name=\"your-message\"><\/textarea><\/span> <\/label>\n<\/p>\n<p><input class=\"wpcf7-form-control wpcf7-submit has-spinner\" type=\"submit\" value=\"Enviar\" \/>\n<\/p><div class=\"wpcf7-response-output\" aria-hidden=\"true\"><\/div>\n<\/form>\n<\/div>\n\t\t\t\t\t\t\t\t<\/div>\n\t\t\t\t<\/div>\n\t\t\t\t\t<\/div>\n\t\t\t\t<\/div>\n\t\t\t\t<\/div>\n\t\t","protected":false},"excerpt":{"rendered":"<p>Ligue para n\u00f3s hoje! Na ZERO ESCADAS, acreditamos em tornar sua vida mais f\u00e1cil e sua casa mais acess\u00edvel. Escolher um elevador residencial Stiltz \u00e9 uma decis\u00e3o importante, e estamos comprometidos em fornecer a melhor experi\u00eancia ao cliente em cada etapa do processo.<\/p>\n","protected":false},"author":1,"featured_media":0,"parent":0,"menu_order":0,"comment_status":"closed","ping_status":"closed","template":"","meta":{"footnotes":""},"class_list":["post-176","page","type-page","status-publish","hentry"],"blocksy_meta":[],"yoast_head":"<!-- This site is optimized with the Yoast SEO plugin v26.2 - https:\/\/yoast.com\/wordpress\/plugins\/seo\/ -->\n<title>Linha de Elevadores Residenciais para sua Casa - Zero Escadas<\/title>\n<meta name=\"description\" content=\"A linha de elevadores Duo through-floor foi projetada para tornar sua vida mais f\u00e1cil, seja porque voc\u00ea est\u00e1 come\u00e7ando a ter dificuldade...\" \/>\n<meta name=\"robots\" content=\"index, follow, max-snippet:-1, max-image-preview:large, max-video-preview:-1\" \/>\n<link rel=\"canonical\" href=\"https:\/\/zeroescadas.com\/?page_id=176\" \/>\n<meta property=\"og:locale\" content=\"en_US\" \/>\n<meta property=\"og:type\" content=\"article\" \/>\n<meta property=\"og:title\" content=\"Linha de Elevadores Residenciais para sua Casa - Zero Escadas\" \/>\n<meta property=\"og:description\" content=\"A linha de elevadores Duo through-floor foi projetada para tornar sua vida mais f\u00e1cil, seja porque voc\u00ea est\u00e1 come\u00e7ando a ter dificuldade...\" \/>\n<meta property=\"og:url\" content=\"https:\/\/zeroescadas.com\/?page_id=176\" \/>\n<meta property=\"og:site_name\" content=\"Zero Escadas\" \/>\n<meta property=\"article:modified_time\" content=\"2025-10-27T11:12:52+00:00\" \/>\n<meta property=\"og:image\" content=\"https:\/\/zeroescadas.com\/wp-content\/uploads\/2025\/10\/Zero-Escadas-Banner-Titre.png\" \/>\n<meta name=\"twitter:card\" content=\"summary_large_image\" \/>\n<meta name=\"twitter:label1\" content=\"Est. reading time\" \/>\n\t<meta name=\"twitter:data1\" content=\"1 minute\" \/>\n<script type=\"application\/ld+json\" class=\"yoast-schema-graph\">{\"@context\":\"https:\/\/schema.org\",\"@graph\":[{\"@type\":\"WebPage\",\"@id\":\"https:\/\/zeroescadas.com\/?page_id=176\",\"url\":\"https:\/\/zeroescadas.com\/?page_id=176\",\"name\":\"Linha de Elevadores Residenciais para sua Casa - Zero Escadas\",\"isPartOf\":{\"@id\":\"https:\/\/zeroescadas.com\/#website\"},\"primaryImageOfPage\":{\"@id\":\"https:\/\/zeroescadas.com\/?page_id=176#primaryimage\"},\"image\":{\"@id\":\"https:\/\/zeroescadas.com\/?page_id=176#primaryimage\"},\"thumbnailUrl\":\"https:\/\/zeroescadas.com\/wp-content\/uploads\/2025\/10\/Zero-Escadas-Banner-Titre.png\",\"datePublished\":\"2025-10-16T15:40:36+00:00\",\"dateModified\":\"2025-10-27T11:12:52+00:00\",\"description\":\"A linha de elevadores Duo through-floor foi projetada para tornar sua vida mais f\u00e1cil, seja porque voc\u00ea est\u00e1 come\u00e7ando a ter dificuldade...\",\"breadcrumb\":{\"@id\":\"https:\/\/zeroescadas.com\/?page_id=176#breadcrumb\"},\"inLanguage\":\"en-US\",\"potentialAction\":[{\"@type\":\"ReadAction\",\"target\":[\"https:\/\/zeroescadas.com\/?page_id=176\"]}]},{\"@type\":\"ImageObject\",\"inLanguage\":\"en-US\",\"@id\":\"https:\/\/zeroescadas.com\/?page_id=176#primaryimage\",\"url\":\"https:\/\/zeroescadas.com\/wp-content\/uploads\/2025\/10\/Zero-Escadas-Banner-Titre.png\",\"contentUrl\":\"https:\/\/zeroescadas.com\/wp-content\/uploads\/2025\/10\/Zero-Escadas-Banner-Titre.png\",\"width\":1980,\"height\":450},{\"@type\":\"BreadcrumbList\",\"@id\":\"https:\/\/zeroescadas.com\/?page_id=176#breadcrumb\",\"itemListElement\":[{\"@type\":\"ListItem\",\"position\":1,\"name\":\"Home\",\"item\":\"https:\/\/zeroescadas.com\/\"},{\"@type\":\"ListItem\",\"position\":2,\"name\":\"Contato\"}]},{\"@type\":\"WebSite\",\"@id\":\"https:\/\/zeroescadas.com\/#website\",\"url\":\"https:\/\/zeroescadas.com\/\",\"name\":\"Zero Escadas\",\"description\":\"Elevators home\",\"publisher\":{\"@id\":\"https:\/\/zeroescadas.com\/#organization\"},\"alternateName\":\"Elevadores Residenciais ZERO ESCADAS\",\"potentialAction\":[{\"@type\":\"SearchAction\",\"target\":{\"@type\":\"EntryPoint\",\"urlTemplate\":\"https:\/\/zeroescadas.com\/?s={search_term_string}\"},\"query-input\":{\"@type\":\"PropertyValueSpecification\",\"valueRequired\":true,\"valueName\":\"search_term_string\"}}],\"inLanguage\":\"en-US\"},{\"@type\":\"Organization\",\"@id\":\"https:\/\/zeroescadas.com\/#organization\",\"name\":\"Zero Escadas\",\"alternateName\":\"Elevadores Residenciais ZERO ESCADAS\",\"url\":\"https:\/\/zeroescadas.com\/\",\"logo\":{\"@type\":\"ImageObject\",\"inLanguage\":\"en-US\",\"@id\":\"https:\/\/zeroescadas.com\/#\/schema\/logo\/image\/\",\"url\":\"https:\/\/zeroescadas.com\/wp-content\/uploads\/2025\/10\/LOGO-OOFFICIAL-02.png\",\"contentUrl\":\"https:\/\/zeroescadas.com\/wp-content\/uploads\/2025\/10\/LOGO-OOFFICIAL-02.png\",\"width\":614,\"height\":713,\"caption\":\"Zero Escadas\"},\"image\":{\"@id\":\"https:\/\/zeroescadas.com\/#\/schema\/logo\/image\/\"},\"sameAs\":[\"https:\/\/www.tiktok.com\/@luxelevators\"]}]}<\/script>\n<!-- \/ Yoast SEO plugin. -->","yoast_head_json":{"title":"Linha de Elevadores Residenciais para sua Casa - Zero Escadas","description":"A linha de elevadores Duo through-floor foi projetada para tornar sua vida mais f\u00e1cil, seja porque voc\u00ea est\u00e1 come\u00e7ando a ter dificuldade...","robots":{"index":"index","follow":"follow","max-snippet":"max-snippet:-1","max-image-preview":"max-image-preview:large","max-video-preview":"max-video-preview:-1"},"canonical":"https:\/\/zeroescadas.com\/?page_id=176","og_locale":"en_US","og_type":"article","og_title":"Linha de Elevadores Residenciais para sua Casa - Zero Escadas","og_description":"A linha de elevadores Duo through-floor foi projetada para tornar sua vida mais f\u00e1cil, seja porque voc\u00ea est\u00e1 come\u00e7ando a ter dificuldade...","og_url":"https:\/\/zeroescadas.com\/?page_id=176","og_site_name":"Zero Escadas","article_modified_time":"2025-10-27T11:12:52+00:00","og_image":[{"url":"https:\/\/zeroescadas.com\/wp-content\/uploads\/2025\/10\/Zero-Escadas-Banner-Titre.png","type":"","width":"","height":""}],"twitter_card":"summary_large_image","twitter_misc":{"Est. reading time":"1 minute"},"schema":{"@context":"https:\/\/schema.org","@graph":[{"@type":"WebPage","@id":"https:\/\/zeroescadas.com\/?page_id=176","url":"https:\/\/zeroescadas.com\/?page_id=176","name":"Linha de Elevadores Residenciais para sua Casa - Zero Escadas","isPartOf":{"@id":"https:\/\/zeroescadas.com\/#website"},"primaryImageOfPage":{"@id":"https:\/\/zeroescadas.com\/?page_id=176#primaryimage"},"image":{"@id":"https:\/\/zeroescadas.com\/?page_id=176#primaryimage"},"thumbnailUrl":"https:\/\/zeroescadas.com\/wp-content\/uploads\/2025\/10\/Zero-Escadas-Banner-Titre.png","datePublished":"2025-10-16T15:40:36+00:00","dateModified":"2025-10-27T11:12:52+00:00","description":"A linha de elevadores Duo through-floor foi projetada para tornar sua vida mais f\u00e1cil, seja porque voc\u00ea est\u00e1 come\u00e7ando a ter dificuldade...","breadcrumb":{"@id":"https:\/\/zeroescadas.com\/?page_id=176#breadcrumb"},"inLanguage":"en-US","potentialAction":[{"@type":"ReadAction","target":["https:\/\/zeroescadas.com\/?page_id=176"]}]},{"@type":"ImageObject","inLanguage":"en-US","@id":"https:\/\/zeroescadas.com\/?page_id=176#primaryimage","url":"https:\/\/zeroescadas.com\/wp-content\/uploads\/2025\/10\/Zero-Escadas-Banner-Titre.png","contentUrl":"https:\/\/zeroescadas.com\/wp-content\/uploads\/2025\/10\/Zero-Escadas-Banner-Titre.png","width":1980,"height":450},{"@type":"BreadcrumbList","@id":"https:\/\/zeroescadas.com\/?page_id=176#breadcrumb","itemListElement":[{"@type":"ListItem","position":1,"name":"Home","item":"https:\/\/zeroescadas.com\/"},{"@type":"ListItem","position":2,"name":"Contato"}]},{"@type":"WebSite","@id":"https:\/\/zeroescadas.com\/#website","url":"https:\/\/zeroescadas.com\/","name":"Zero Escadas","description":"Elevators home","publisher":{"@id":"https:\/\/zeroescadas.com\/#organization"},"alternateName":"Elevadores Residenciais ZERO ESCADAS","potentialAction":[{"@type":"SearchAction","target":{"@type":"EntryPoint","urlTemplate":"https:\/\/zeroescadas.com\/?s={search_term_string}"},"query-input":{"@type":"PropertyValueSpecification","valueRequired":true,"valueName":"search_term_string"}}],"inLanguage":"en-US"},{"@type":"Organization","@id":"https:\/\/zeroescadas.com\/#organization","name":"Zero Escadas","alternateName":"Elevadores Residenciais ZERO ESCADAS","url":"https:\/\/zeroescadas.com\/","logo":{"@type":"ImageObject","inLanguage":"en-US","@id":"https:\/\/zeroescadas.com\/#\/schema\/logo\/image\/","url":"https:\/\/zeroescadas.com\/wp-content\/uploads\/2025\/10\/LOGO-OOFFICIAL-02.png","contentUrl":"https:\/\/zeroescadas.com\/wp-content\/uploads\/2025\/10\/LOGO-OOFFICIAL-02.png","width":614,"height":713,"caption":"Zero Escadas"},"image":{"@id":"https:\/\/zeroescadas.com\/#\/schema\/logo\/image\/"},"sameAs":["https:\/\/www.tiktok.com\/@luxelevators"]}]}},"_links":{"self":[{"href":"https:\/\/zeroescadas.com\/index.php?rest_route=\/wp\/v2\/pages\/176","targetHints":{"allow":["GET"]}}],"collection":[{"href":"https:\/\/zeroescadas.com\/index.php?rest_route=\/wp\/v2\/pages"}],"about":[{"href":"https:\/\/zeroescadas.com\/index.php?rest_route=\/wp\/v2\/types\/page"}],"author":[{"embeddable":true,"href":"https:\/\/zeroescadas.com\/index.php?rest_route=\/wp\/v2\/users\/1"}],"replies":[{"embeddable":true,"href":"https:\/\/zeroescadas.com\/index.php?rest_route=%2Fwp%2Fv2%2Fcomments&post=176"}],"version-history":[{"count":25,"href":"https:\/\/zeroescadas.com\/index.php?rest_route=\/wp\/v2\/pages\/176\/revisions"}],"predecessor-version":[{"id":456,"href":"https:\/\/zeroescadas.com\/index.php?rest_route=\/wp\/v2\/pages\/176\/revisions\/456"}],"wp:attachment":[{"href":"https:\/\/zeroescadas.com\/index.php?rest_route=%2Fwp%2Fv2%2Fmedia&parent=176"}],"curies":[{"name":"wp","href":"https:\/\/api.w.org\/{rel}","templated":true}]}}